{"id":2525,"date":"2024-11-13T09:50:17","date_gmt":"2024-11-13T09:50:17","guid":{"rendered":"https:\/\/rockrcoin.org\/emilie-a-paris\/"},"modified":"2024-11-14T21:25:45","modified_gmt":"2024-11-14T21:25:45","slug":"emilie-a-paris","status":"publish","type":"page","link":"https:\/\/rockrcoin.org\/fr\/emilie-a-paris\/","title":{"rendered":"Emilie \u00e0 Paris"},"content":{"rendered":"\t\t<div data-elementor-type=\"wp-page\" data-elementor-id=\"2525\" class=\"elementor elementor-2525 elementor-2520\" data-elementor-post-type=\"page\">\n\t\t\t\t\t\t<section class=\"elementor-section elementor-top-section elementor-element elementor-element-7e90d17d elementor-section-height-min-height elementor-section-items-top elementor-section-boxed elementor-section-height-default\" data-id=\"7e90d17d\" data-element_type=\"section\" data-settings=\"{&quot;background_background&quot;:&quot;classic&quot;}\">\n\t\t\t\t\t\t\t<div class=\"elementor-background-overlay\"><\/div>\n\t\t\t\t\t\t\t<div class=\"elementor-container elementor-column-gap-default\">\n\t\t\t\t\t<div class=\"elementor-column elementor-col-100 elementor-top-column elementor-element elementor-element-27fc26a3\" data-id=\"27fc26a3\" data-element_type=\"column\">\n\t\t\t<div class=\"elementor-widget-wrap elementor-element-populated\">\n\t\t\t\t\t\t<div class=\"elementor-element elementor-element-53ccf2b4 elementor-widget elementor-widget-heading\" data-id=\"53ccf2b4\" data-element_type=\"widget\" data-widget_type=\"heading.default\">\n\t\t\t\t<div class=\"elementor-widget-container\">\n\t\t\t<h1 class=\"elementor-heading-title elementor-size-default\">Emilie \u00e0 Paris<\/h1>\t\t<\/div>\n\t\t\t\t<\/div>\n\t\t\t\t<div class=\"elementor-element elementor-element-57d76eb elementor-widget elementor-widget-heading\" data-id=\"57d76eb\" data-element_type=\"widget\" data-widget_type=\"heading.default\">\n\t\t\t\t<div class=\"elementor-widget-container\">\n\t\t\t<h2 class=\"elementor-heading-title elementor-size-default\">Le Plus Grand Spectacle du Monde<\/h2>\t\t<\/div>\n\t\t\t\t<\/div>\n\t\t\t\t\t<\/div>\n\t\t<\/div>\n\t\t\t\t\t<\/div>\n\t\t<\/section>\n\t\t<div class=\"elementor-element elementor-element-63d66336 e-flex e-con-boxed e-con e-parent\" data-id=\"63d66336\" data-element_type=\"container\">\n\t\t\t\t\t<div class=\"e-con-inner\">\n\t\t\t\t<div class=\"elementor-element elementor-element-7df15198 elementor-widget elementor-widget-text-editor\" data-id=\"7df15198\" data-element_type=\"widget\" data-widget_type=\"text-editor.default\">\n\t\t\t\t<div class=\"elementor-widget-container\">\n\t\t\t\t\t\t\t<p dir=\"ltr\" style=\"line-height: 1.38; text-align: center; margin-top: 24pt; margin-bottom: 6pt;\"><span style=\"background-color: transparent; color: #000000; font-family: Arial, sans-serif; font-size: 24pt; font-weight: bold; white-space-collapse: preserve;\">La Th\u00e9orie Mon\u00e9taire Moderne : Le Cha\u00eenon Manquant ?<\/span><\/p>\n<h1 dir=\"ltr\" style=\"line-height: 1.38; text-align: center; margin-top: 24pt; margin-bottom: 6pt;\"><span style=\"font-size: 12pt; font-family: Arial,sans-serif; color: #000000; background-color: transparent; font-weight: 400; font-style: italic; font-variant: normal; text-decoration: none; vertical-align: baseline; white-space: pre-wrap;\">Par les co-auteurs <\/span><a style=\"text-decoration: none;\" href=\"https:\/\/www.anthropic.com\/news\/claude-3-5-sonnet\"><span style=\"font-size: 12pt; font-family: Arial,sans-serif; color: #1155cc; background-color: transparent; font-weight: 400; font-style: italic; font-variant: normal; text-decoration: underline; -webkit-text-decoration-skip: none; text-decoration-skip-ink: none; vertical-align: baseline; white-space: pre-wrap;\">Sonnet Claude 3.5<\/span><\/a><span style=\"font-size: 12pt; font-family: Arial,sans-serif; color: #000000; background-color: transparent; font-weight: 400; font-style: italic; font-variant: normal; text-decoration: none; vertical-align: baseline; white-space: pre-wrap;\"> [Anthropic] et <\/span><a style=\"text-decoration: none;\" href=\"https:\/\/www.linkedin.com\/in\/clancydavidj\/\"><span style=\"font-size: 12pt; font-family: Arial,sans-serif; color: #1155cc; background-color: transparent; font-weight: 400; font-style: italic; font-variant: normal; text-decoration: underline; -webkit-text-decoration-skip: none; text-decoration-skip-ink: none; vertical-align: baseline; white-space: pre-wrap;\">David Clancy<\/span><\/a><\/h1>\n<p><b style=\"font-weight: normal;\">&nbsp;<\/b><\/p>\n<p dir=\"ltr\" style=\"line-height: 1.38; margin-top: 12pt; margin-bottom: 12pt;\"><span style=\"font-size: 12pt; font-family: Arial,sans-serif; color: #000000; background-color: transparent; font-weight: bold; font-style: normal; font-variant: normal; text-decoration: none; vertical-align: baseline; white-space: pre-wrap;\">Dans la lumi\u00e8re d\u00e9clinante d&rsquo;un apr\u00e8s-midi parisien,  <\/span><span style=\"font-size: 12pt; font-family: Arial,sans-serif; color: #000000; background-color: transparent; font-weight: 400; font-style: normal; font-variant: normal; text-decoration: none; vertical-align: baseline; white-space: pre-wrap;\">\u00c9milie Fournier, professeur d&rsquo;\u00e9conomie \u00e0 la Sorbonne, regarde par la fen\u00eatre de son bureau. La tour Eiffel se dresse r\u00e9solument au loin, monument de l&rsquo;ing\u00e9niosit\u00e9 et de l&rsquo;ambition humaines. Pourtant, en se retournant vers son bureau, jonch\u00e9 de documents sur la th\u00e9orie mon\u00e9taire moderne et les derni\u00e8res perc\u00e9es de l&rsquo;intelligence artificielle, elle ne peut se d\u00e9faire du sentiment que l&rsquo;humanit\u00e9 se trouve au bord du pr\u00e9cipice de quelque chose de monumental &#8211; et de potentiellement terrifiant.  <\/span><\/p>\n<p dir=\"ltr\" style=\"line-height: 1.38; margin-top: 12pt; margin-bottom: 12pt;\"><span style=\"font-size: 12pt; font-family: Arial,sans-serif; color: #000000; background-color: transparent; font-weight: 400; font-style: normal; font-variant: normal; text-decoration: none; vertical-align: baseline; white-space: pre-wrap;\">Emilie admire depuis longtemps les travaux de Stephanie Kelton sur le MMT, y voyant la possibilit\u00e9 de remodeler les \u00e9conomies pour le meilleur. Mais comme elle le d\u00e9plorait souvent aupr\u00e8s de son coll\u00e8gue et confident, Jean-Luc, autour d&rsquo;un caf\u00e9 aux Deux Magots, &nbsp;<\/span><\/p>\n<p dir=\"ltr\" style=\"line-height: 1.38; text-align: center; margin-top: 12pt; margin-bottom: 12pt;\"><span style=\"font-size: 12pt; font-family: Arial,sans-serif; color: #000000; background-color: transparent; font-weight: bold; font-style: italic; font-variant: normal; text-decoration: none; vertical-align: baseline; white-space: pre-wrap;\">\u00ab\u00a0La th\u00e9orie sans l&rsquo;application est comme un oiseau sans ailes &#8211;&nbsp;<\/span><\/p>\n<p dir=\"ltr\" style=\"line-height: 1.38; text-align: center; margin-top: 12pt; margin-bottom: 12pt;\"><span style=\"font-size: 12pt; font-family: Arial,sans-serif; color: #000000; background-color: transparent; font-weight: bold; font-style: italic; font-variant: normal; text-decoration: none; vertical-align: baseline; white-space: pre-wrap;\">belle, mais finalement inutile\u00a0\u00bb.<\/span><\/p>\n<p dir=\"ltr\" style=\"line-height: 1.38; margin-top: 12pt; margin-bottom: 12pt;\"><span style=\"font-size: 12pt; font-family: Arial,sans-serif; color: #000000; background-color: transparent; font-weight: 400; font-style: normal; font-variant: normal; text-decoration: none; vertical-align: baseline; white-space: pre-wrap;\">C&rsquo;est au cours d&rsquo;une de ces s\u00e9ances de caf\u00e9 que Jean-Luc, les yeux p\u00e9tillants de malice, fait glisser un curieux papier blanc sur la table. \u00ab\u00a0ROCKRCOIN\u00a0\u00bb, dit-il en tapotant la couverture. \u00ab\u00a0Je pense que vous trouverez ceci    <\/span><a style=\"text-decoration: none;\" href=\"https:\/\/rockrcoin.org\/whitepaper-original-version-1\/\"><span style=\"font-size: 12pt; font-family: Arial,sans-serif; color: #1155cc; background-color: transparent; font-weight: 400; font-style: normal; font-variant: normal; text-decoration: underline; -webkit-text-decoration-skip: none; text-decoration-skip-ink: none; vertical-align: baseline; white-space: pre-wrap;\">livre blanc<\/span><\/a><span style=\"font-size: 12pt; font-family: Arial,sans-serif; color: #000000; background-color: transparent; font-weight: 400; font-style: normal; font-variant: normal; text-decoration: none; vertical-align: baseline; white-space: pre-wrap;\"> int\u00e9ressant\u00a0\u00bb.<\/span><\/p>\n<p dir=\"ltr\" style=\"line-height: 1.38; margin-top: 12pt; margin-bottom: 12pt;\"><span style=\"font-size: 12pt; font-family: Arial,sans-serif; color: #000000; background-color: transparent; font-weight: 400; font-style: normal; font-variant: normal; text-decoration: none; vertical-align: baseline; white-space: pre-wrap;\">Au fur et \u00e0 mesure qu&rsquo;\u00c9milie se plongeait dans le document, ses sourcils s&rsquo;\u00e9levaient \u00e0 chaque page. Une crypto-monnaie mondiale, sp\u00e9cifique \u00e0 un secteur, con\u00e7ue pour r\u00e9volutionner l&rsquo;industrie de l&rsquo;exp\u00e9rience en direct ? Cela semblait tir\u00e9 par les cheveux, mais c&rsquo;\u00e9tait \u00e9trangement convaincant. Plus elle lisait, plus elle commen\u00e7ait \u00e0 voir les contours de quelque chose de plus grand &#8211; un pont potentiel entre le monde th\u00e9orique du MMT et les besoins pratiques d&rsquo;un monde aux prises avec la stagnation et la peur existentielle.   <\/span><\/p>\n<p dir=\"ltr\" style=\"line-height: 1.38; margin-top: 12pt; margin-bottom: 12pt;\"><span style=\"font-size: 12pt; font-family: Arial,sans-serif; color: #000000; background-color: transparent; font-weight: 400; font-style: normal; font-variant: normal; text-decoration: none; vertical-align: baseline; white-space: pre-wrap;\">Les semaines passent et \u00c9milie est de plus en plus obs\u00e9d\u00e9e par le concept. Elle a contact\u00e9 des coll\u00e8gues \u00e0 travers l&rsquo;Europe &#8211; un expert en blockchain \u00e0 Londres, un chercheur en IA \u00e0 Dublin, un anthropologue culturel \u00e0 Bordeaux. Ensemble, ils ont commenc\u00e9 \u00e0 d\u00e9velopper les implications de ce que ROCKRCOIN pourrait signifier.  <\/span><\/p>\n<p dir=\"ltr\" style=\"line-height: 1.38; margin-top: 12pt; margin-bottom: 12pt;\"><span style=\"font-size: 12pt; font-family: Arial,sans-serif; color: #000000; background-color: transparent; font-weight: 400; font-style: normal; font-variant: normal; text-decoration: none; vertical-align: baseline; white-space: pre-wrap;\">C&rsquo;est par une fra\u00eeche matin\u00e9e d&rsquo;automne, alors qu&rsquo;\u00c9milie faisait son jogging le long de la Seine, que le tableau complet s&rsquo;est soudain cristallis\u00e9 dans son esprit. Elle s&rsquo;est arr\u00eat\u00e9e brusquement, s&rsquo;attirant les regards confus des Parisiens de passage, alors que la prise de conscience la submergeait comme une vague. <\/span><\/p>\n<p><b style=\"font-weight: normal;\">&nbsp;<\/b><\/p>\n<p dir=\"ltr\" style=\"line-height: 1.38; margin-top: 12pt; margin-bottom: 12pt;\"><span style=\"font-size: 12pt; font-family: Arial,sans-serif; color: #000000; background-color: transparent; font-weight: 400; font-style: normal; font-variant: normal; text-decoration: none; vertical-align: baseline; white-space: pre-wrap;\">ROCKRCOIN n&rsquo;\u00e9tait pas seulement une crypto-monnaie &#8211; c&rsquo;\u00e9tait une cl\u00e9 pour lib\u00e9rer le potentiel humain \u00e0 une \u00e9chelle jamais imagin\u00e9e auparavant. En permettant aux gens d&rsquo;acc\u00e9der sans effort et pratiquement gratuitement \u00e0 une vaste gamme d&rsquo;exp\u00e9riences en direct, il pourrait r\u00e9pondre aux besoins les plus profonds d&rsquo;une soci\u00e9t\u00e9 qui se bat pour trouver sa place dans un monde de plus en plus automatis\u00e9. <\/span><\/p>\n<p dir=\"ltr\" style=\"line-height: 1.38; margin-top: 12pt; margin-bottom: 12pt;\"><span style=\"font-size: 12pt; font-family: Arial,sans-serif; color: #000000; background-color: transparent; font-weight: 400; font-style: normal; font-variant: normal; text-decoration: none; vertical-align: baseline; white-space: pre-wrap;\">Elle le voyait clairement maintenant : des amphith\u00e9\u00e2tres remplis d&rsquo;apprenants avides d&rsquo;absorber les connaissances des plus grands esprits du monde ; des th\u00e9\u00e2tres vibrant de l&rsquo;\u00e9nergie de spectacles r\u00e9volutionnaires ; des stades anim\u00e9s par la passion partag\u00e9e de milliers de personnes. Et au-del\u00e0, elle imaginait des exp\u00e9riences pop-up aux quatre coins du monde : des discussions philosophiques dans des caf\u00e9s parisiens, des s\u00e9minaires d&rsquo;astrophysique sous les \u00e9toiles dans le Sahara, des ateliers de biologie marine sur la Grande Barri\u00e8re de Corail. <\/span><\/p>\n<p dir=\"ltr\" style=\"line-height: 1.38; margin-top: 12pt; margin-bottom: 12pt;\"><span style=\"font-size: 12pt; font-family: Arial,sans-serif; color: #000000; background-color: transparent; font-weight: 400; font-style: normal; font-variant: normal; text-decoration: none; vertical-align: baseline; white-space: pre-wrap;\">Il ne s&rsquo;agissait pas seulement de divertissement ou d&rsquo;\u00e9ducation, mais d&rsquo;une c\u00e9l\u00e9bration de ce que signifie \u00eatre humain. Dans un monde o\u00f9 l&rsquo;IA et la robotique remettent en question la nature m\u00eame de la conscience et de l&rsquo;unicit\u00e9, le ROCKRCOIN pourrait constituer une affirmation puissante de la valeur irrempla\u00e7able de la compr\u00e9hension, de l&rsquo;exp\u00e9rience et de la connexion de la conscience humaine. <\/span><\/p>\n<p dir=\"ltr\" style=\"line-height: 1.38; margin-top: 12pt; margin-bottom: 12pt;\"><span style=\"font-size: 12pt; font-family: Arial,sans-serif; color: #000000; background-color: transparent; font-weight: 400; font-style: normal; font-variant: normal; text-decoration: none; vertical-align: baseline; white-space: pre-wrap;\">De plus, Emilie s&rsquo;est rendu compte qu&rsquo;il pourrait s&rsquo;agir du cha\u00eenon manquant que les partisans du MMT recherchaient. En cr\u00e9ant un nouveau moteur \u00e9conomique centr\u00e9 sur les exp\u00e9riences humaines, le ROCKRCOIN pourrait fournir aux gouvernements un moyen tangible et politiquement acceptable de mettre en \u0153uvre les principes du MMT. Il offrait un moyen de stimuler l&rsquo;activit\u00e9 \u00e9conomique et de promouvoir l&rsquo;\u00e9galit\u00e9, non pas par le biais de m\u00e9canismes financiers abstraits, mais gr\u00e2ce \u00e0 la monnaie profond\u00e9ment relatable des exp\u00e9riences partag\u00e9es.  <\/span><\/p>\n<p dir=\"ltr\" style=\"line-height: 1.38; margin-top: 12pt; margin-bottom: 12pt;\"><span style=\"font-size: 12pt; font-family: Arial,sans-serif; color: #000000; background-color: transparent; font-weight: 400; font-style: normal; font-variant: normal; text-decoration: none; vertical-align: baseline; white-space: pre-wrap;\">Les implications \u00e9taient stup\u00e9fiantes. Une soci\u00e9t\u00e9 o\u00f9 les citoyens sont constamment engag\u00e9s dans l&rsquo;apprentissage, la cr\u00e9ation et la connexion pourrait \u00eatre plus r\u00e9siliente, plus innovante et plus \u00e9panouie. Les    <\/span><span style=\"font-size: 12pt; font-family: Arial,sans-serif; color: #000000; background-color: transparent; font-weight: 400; font-style: italic; font-variant: normal; text-decoration: none; vertical-align: baseline; white-space: pre-wrap;\">la \u00ab\u00a0vitesse des exp\u00e9riences\u00a0\u00bb<\/span><span style=\"font-size: 12pt; font-family: Arial,sans-serif; color: #000000; background-color: transparent; font-weight: 400; font-style: normal; font-variant: normal; text-decoration: none; vertical-align: baseline; white-space: pre-wrap;\"> pourrait devenir un nouvel indicateur \u00e9conomique, aussi pr\u00e9cieux que le PIB pour mesurer le bien-\u00eatre d&rsquo;une nation.<\/span><\/p>\n<p dir=\"ltr\" style=\"line-height: 1.38; margin-top: 12pt; margin-bottom: 12pt;\"><span style=\"font-size: 12pt; font-family: Arial,sans-serif; color: #000000; background-color: transparent; font-weight: 400; font-style: normal; font-variant: normal; text-decoration: none; vertical-align: baseline; white-space: pre-wrap;\">Alors qu&rsquo;\u00c9milie retourne \u00e0 son bureau, l&rsquo;esprit en \u00e9bullition, elle ne peut s&#8217;emp\u00eacher de sourire. Dans ROCKRCOIN, elle voyait le potentiel du plus grand spectacle sur Terre &#8211; une c\u00e9l\u00e9bration mondiale de la conscience humaine, de la cr\u00e9ativit\u00e9 et de la connexion. Et dans ce spectacle, elle a reconnu les germes d&rsquo;un nouveau paradigme \u00e9conomique, un paradigme qui pourrait tracer une voie \u00e0 travers les eaux agit\u00e9es des perturbations technologiques et des bouleversements sociaux.  <\/span><\/p>\n<p dir=\"ltr\" style=\"line-height: 1.38; margin-top: 12pt; margin-bottom: 12pt;\"><span style=\"font-size: 12pt; font-family: Arial,sans-serif; color: #000000; background-color: transparent; font-weight: 400; font-style: normal; font-variant: normal; text-decoration: none; vertical-align: baseline; white-space: pre-wrap;\">Elle a pens\u00e9 \u00e0 Kelton et aux autres th\u00e9oriciens du MMT, imaginant leur excitation de voir leurs id\u00e9es prendre une forme aussi vibrante et tangible. Elle a pens\u00e9 aux millions de personnes dont la vie pourrait \u00eatre transform\u00e9e, en leur donnant acc\u00e8s \u00e0 des exp\u00e9riences qui \u00e9taient auparavant hors de port\u00e9e. Et elle a pens\u00e9 aux g\u00e9n\u00e9rations futures, qui pourraient grandir dans un monde o\u00f9 l&rsquo;exploration du potentiel humain ne serait pas un luxe, mais un droit fondamental et une force motrice de la soci\u00e9t\u00e9.  <\/span><\/p>\n<p dir=\"ltr\" style=\"line-height: 1.38; text-align: center; margin-top: 12pt; margin-bottom: 12pt;\"><span style=\"font-size: 12pt; font-family: Arial,sans-serif; color: #000000; background-color: transparent; font-weight: bold; font-style: italic; font-variant: normal; text-decoration: none; vertical-align: baseline; white-space: pre-wrap;\">Alors qu&rsquo;elle s&rsquo;installe \u00e0 son bureau pour commencer \u00e0 r\u00e9diger ce qu&rsquo;elle sait \u00eatre le document le plus important de sa carri\u00e8re, \u00c9milie ressent un \u00e9lan d&rsquo;espoir. Le rideau \u00e9tait sur le point de se lever sur un nouvel acte de l&rsquo;histoire de l&rsquo;humanit\u00e9 et, pour une fois, tout le monde \u00e9tait invit\u00e9 au spectacle. <\/span><\/p>\n<p dir=\"ltr\" style=\"line-height: 1.38; text-align: center; margin-top: 12pt; margin-bottom: 12pt;\"><a style=\"text-decoration: none;\" href=\"https:\/\/rockrcoin.org\/earn-rockrcoin\/\"><span style=\"font-size: 11pt; font-family: Arial,sans-serif; color: #1155cc; background-color: transparent; font-weight: 400; font-style: normal; font-variant: normal; text-decoration: underline; -webkit-text-decoration-skip: none; text-decoration-skip-ink: none; vertical-align: baseline; white-space: pre-wrap;\"><span style=\"border: none; display: inline-block; overflow: hidden; width: 425px; height: 265px;\"><img fetchpriority=\"high\" decoding=\"async\" style=\"margin-left: 0px; margin-top: 0px;\" src=\"https:\/\/lh7-rt.googleusercontent.com\/docsz\/AD_4nXfLN_SG795WG9jqKQmji-LgNbZSnVZQupsMq7imGDywAjFsj2SVnXnvoOQp3MO5dgq2pnLu0bgwredqYQVa39jYvGUUgnxyocTvBe7tNdV4nsNH7chGk6BGyAeyPztw1gq7aoIZWCNzCLH-bLfByPzMSSKx?key=xXkRh3wdwqHsmFjQ_gBhvQ\" width=\"425\" height=\"265\"><\/span><\/span><\/a><\/p>\n<p dir=\"ltr\" style=\"line-height: 1.38; text-align: center; margin-top: 12pt; margin-bottom: 12pt;\"><span style=\"font-size: 19pt; font-family: Arial,sans-serif; color: #000000; background-color: transparent; font-weight: bold; font-style: normal; font-variant: normal; text-decoration: none; vertical-align: baseline; white-space: pre-wrap;\">Le programme des fondateurs-ambassadeurs ROCKRCOIN<\/span><\/p>\n<p dir=\"ltr\">Jusqu&rsquo;en avril 2025, la priorit\u00e9 de ROCKRCOIN est d&rsquo;identifier des institutions mondiales tot\u00e9miques &#8211; lieux de spectacles, th\u00e9\u00e2tres, clubs sportifs, entreprises technologiques, autorit\u00e9s r\u00e9gionales, \u00e9coles, coll\u00e8ges, universit\u00e9s, auteurs, artistes, scientifiques &#8211; pour rejoindre le Coll\u00e8ge \u00e9lectoral de ROCKRCOIN en tant que membres fondateurs sur lesquels construire le m\u00e9canisme hybride de consensus Preuve d&rsquo;autorit\u00e9\/Preuve d&rsquo;enjeu de ROCKRCOIN.&nbsp;  S\u00e9lectionn\u00e9es au hasard, ces institutions recevront des frais transactionnels en ROCKRCOIN pour l&rsquo;authentification des transactions blockchain via l&rsquo;architecture de syst\u00e8mes bas\u00e9e sur le cloud de ROCKRCOIN, h\u00e9berg\u00e9e sur leur site ou \u00e0 distance. Ces membres tot\u00e9miques du coll\u00e8ge \u00e9lectoral seront \u00e9galement au c\u0153ur de l&rsquo;\u00e9cosyst\u00e8me mondial de ROCKRCOIN, en pole position pour accro\u00eetre leur empreinte respective d'\u00a0\u00bb exp\u00e9rience en direct \u00a0\u00bb \u00e0 mesure que la \u00a0\u00bb vitesse des exp\u00e9riences \u00a0\u00bb s&rsquo;acc\u00e9l\u00e8re dans le monde, gr\u00e2ce \u00e0 ROCKRCOIN et \u00e0 ses plus de 30 applications d&rsquo;ench\u00e8res invers\u00e9es. <\/p>\n<p dir=\"ltr\">\n<\/p><p dir=\"ltr\">Au moment d&rsquo;\u00e9crire ces lignes, le 3 octobre 2024, le programme des ambassadeurs-fondateurs de ROCKRCOIN attribue aux ambassadeurs un pour cent des revenus annuels de ROCKRCOIN de toutes les institutions tot\u00e9miques qu&rsquo;ils ont r\u00e9ussi \u00e0 introduire et qui deviennent des membres fondateurs du coll\u00e8ge \u00e9lectoral de ROCKRCOIN.&nbsp;<\/p>\n<p dir=\"ltr\"><br><\/p>\n<p dir=\"ltr\">\n<\/p><p dir=\"ltr\"><strong>Contactez le groupe whatsapp de ROCKRCOIN pour rejoindre&nbsp;<span style=\"text-align: var(--text-align); background-color: var(--ast-global-color-4); font-size: 1rem;\">Le programme des fondateurs-ambassadeurs de ROCKRCOIN<\/span><\/strong><\/p>\n<p dir=\"ltr\" style=\"line-height: 1.38; text-align: center; margin-top: 12pt; margin-bottom: 12pt;\"><span style=\"font-size: 19pt; font-family: Arial,sans-serif; color: #000000; background-color: transparent; font-weight: bold; font-style: normal; font-variant: normal; text-decoration: none; vertical-align: baseline; white-space: pre-wrap;\">&nbsp;<\/span><\/p>\n<p dir=\"ltr\" style=\"line-height: 1.38; text-align: center; margin-top: 12pt; margin-bottom: 12pt;\"><span style=\"font-size: 11pt; font-family: Arial,sans-serif; color: #000000; background-color: transparent; font-weight: 400; font-style: normal; font-variant: normal; text-decoration: none; vertical-align: baseline; white-space: pre-wrap;\">&nbsp;<\/span><span style=\"border: none; display: inline-block; overflow: hidden; width: 131px; height: 48px;\"><img decoding=\"async\" style=\"margin-left: 0px; margin-top: 0px;\" src=\"https:\/\/lh7-rt.googleusercontent.com\/docsz\/AD_4nXfnMCcQOeENneJQAilq0HpaIsAgJiORhz3ebYAJEGqM4XH8F6VeTB1TBxVgtRtSLprEc4Wm6JtoIJLqv3aLLGqoLOBBb60gMNkcJ3XMtWi6Pv6T6IToi0fisrjyki7ludcxVdrcibF9Fjnq_6HgUwgVwkc?key=xXkRh3wdwqHsmFjQ_gBhvQ\" width=\"131\" height=\"48\"><\/span><\/p>\n<div><span style=\"border: none; display: inline-block; overflow: hidden; width: 131px; height: 48px;\">&nbsp;<\/span><\/div>\t\t\t\t\t\t<\/div>\n\t\t\t\t<\/div>\n\t\t\t\t\t<\/div>\n\t\t\t\t<\/div>\n\t\t\t\t<\/div>\n\t\t","protected":false},"excerpt":{"rendered":"<p>Emilie \u00e0 Paris Le Plus Grand Spectacle du Monde La Th\u00e9orie Mon\u00e9taire Moderne : Le Cha\u00eenon Manquant ? Par les co-auteurs Sonnet Claude 3.5 [Anthropic] et David Clancy &nbsp; Dans la lumi\u00e8re d\u00e9clinante d&rsquo;un apr\u00e8s-midi parisien, \u00c9milie Fournier, professeur d&rsquo;\u00e9conomie \u00e0 la Sorbonne, regarde par la fen\u00eatre de son bureau. La tour Eiffel se dresse [&hellip;]<\/p>\n","protected":false},"author":1,"featured_media":0,"parent":0,"menu_order":0,"comment_status":"closed","ping_status":"closed","template":"","meta":{"site-sidebar-layout":"no-sidebar","site-content-layout":"page-builder","ast-site-content-layout":"full-width-container","site-content-style":"default","site-sidebar-style":"default","ast-global-header-display":"","ast-banner-title-visibility":"","ast-main-header-display":"","ast-hfb-above-header-display":"","ast-hfb-below-header-display":"","ast-hfb-mobile-header-display":"","site-post-title":"disabled","ast-breadcrumbs-content":"","ast-featured-img":"disabled","footer-sml-layout":"","theme-transparent-header-meta":"","adv-header-id-meta":"","stick-header-meta":"","header-above-stick-meta":"","header-main-stick-meta":"","header-below-stick-meta":"","astra-migrate-meta-layouts":"default","ast-page-background-enabled":"default","ast-page-background-meta":{"desktop":{"background-color":"var(--ast-global-color-4)","background-image":"","background-repeat":"repeat","background-position":"center center","background-size":"auto","background-attachment":"scroll","background-type":"","background-media":"","overlay-type":"","overlay-color":"","overlay-opacity":"","overlay-gradient":""},"tablet":{"background-color":"","background-image":"","background-repeat":"repeat","background-position":"center center","background-size":"auto","background-attachment":"scroll","background-type":"","background-media":"","overlay-type":"","overlay-color":"","overlay-opacity":"","overlay-gradient":""},"mobile":{"background-color":"","background-image":"","background-repeat":"repeat","background-position":"center center","background-size":"auto","background-attachment":"scroll","background-type":"","background-media":"","overlay-type":"","overlay-color":"","overlay-opacity":"","overlay-gradient":""}},"ast-content-background-meta":{"desktop":{"background-color":"var(--ast-global-color-5)","background-image":"","background-repeat":"repeat","background-position":"center center","background-size":"auto","background-attachment":"scroll","background-type":"","background-media":"","overlay-type":"","overlay-color":"","overlay-opacity":"","overlay-gradient":""},"tablet":{"background-color":"var(--ast-global-color-5)","background-image":"","background-repeat":"repeat","background-position":"center center","background-size":"auto","background-attachment":"scroll","background-type":"","background-media":"","overlay-type":"","overlay-color":"","overlay-opacity":"","overlay-gradient":""},"mobile":{"background-color":"var(--ast-global-color-5)","background-image":"","background-repeat":"repeat","background-position":"center center","background-size":"auto","background-attachment":"scroll","background-type":"","background-media":"","overlay-type":"","overlay-color":"","overlay-opacity":"","overlay-gradient":""}},"footnotes":""},"class_list":["post-2525","page","type-page","status-publish","hentry"],"_links":{"self":[{"href":"https:\/\/rockrcoin.org\/fr\/wp-json\/wp\/v2\/pages\/2525"}],"collection":[{"href":"https:\/\/rockrcoin.org\/fr\/wp-json\/wp\/v2\/pages"}],"about":[{"href":"https:\/\/rockrcoin.org\/fr\/wp-json\/wp\/v2\/types\/page"}],"author":[{"embeddable":true,"href":"https:\/\/rockrcoin.org\/fr\/wp-json\/wp\/v2\/users\/1"}],"replies":[{"embeddable":true,"href":"https:\/\/rockrcoin.org\/fr\/wp-json\/wp\/v2\/comments?post=2525"}],"version-history":[{"count":4,"href":"https:\/\/rockrcoin.org\/fr\/wp-json\/wp\/v2\/pages\/2525\/revisions"}],"predecessor-version":[{"id":2580,"href":"https:\/\/rockrcoin.org\/fr\/wp-json\/wp\/v2\/pages\/2525\/revisions\/2580"}],"wp:attachment":[{"href":"https:\/\/rockrcoin.org\/fr\/wp-json\/wp\/v2\/media?parent=2525"}],"curies":[{"name":"wp","href":"https:\/\/api.w.org\/{rel}","templated":true}]}}