{"id":2045,"date":"2021-11-21T15:12:46","date_gmt":"2021-11-21T15:12:46","guid":{"rendered":"https:\/\/rockrcoin.org\/accueil\/"},"modified":"2024-10-22T07:35:19","modified_gmt":"2024-10-22T07:35:19","slug":"accueil","status":"publish","type":"page","link":"https:\/\/rockrcoin.org\/fr\/","title":{"rendered":"Accueil"},"content":{"rendered":"\t\t<div data-elementor-type=\"wp-page\" data-elementor-id=\"2045\" class=\"elementor elementor-2045 elementor-928\" data-elementor-post-type=\"page\">\n\t\t\t\t\t\t<section class=\"elementor-section elementor-top-section elementor-element elementor-element-88a3e25 elementor-section-boxed elementor-section-height-default elementor-section-height-default\" data-id=\"88a3e25\" data-element_type=\"section\">\n\t\t\t\t\t\t<div class=\"elementor-container elementor-column-gap-default\">\n\t\t\t\t\t<div class=\"elementor-column elementor-col-100 elementor-top-column elementor-element elementor-element-643ed51\" data-id=\"643ed51\" data-element_type=\"column\">\n\t\t\t<div class=\"elementor-widget-wrap elementor-element-populated\">\n\t\t\t\t\t\t<div class=\"elementor-element elementor-element-b192fb6 elementor-widget elementor-widget-heading\" data-id=\"b192fb6\" data-element_type=\"widget\" data-widget_type=\"heading.default\">\n\t\t\t\t<div class=\"elementor-widget-container\">\n\t\t\t<h2 class=\"elementor-heading-title elementor-size-xxl\">ROCKRCOIN<\/h2>\t\t<\/div>\n\t\t\t\t<\/div>\n\t\t\t\t<div class=\"elementor-element elementor-element-7c466a6 elementor-widget elementor-widget-text-editor\" data-id=\"7c466a6\" data-element_type=\"widget\" data-widget_type=\"text-editor.default\">\n\t\t\t\t<div class=\"elementor-widget-container\">\n\t\t\t\t\t\t\t<h3>Le Crypto arc-en-ciel<\/h3>\t\t\t\t\t\t<\/div>\n\t\t\t\t<\/div>\n\t\t\t\t<div class=\"elementor-element elementor-element-8a82246 elementor-widget elementor-widget-image\" data-id=\"8a82246\" data-element_type=\"widget\" data-widget_type=\"image.default\">\n\t\t\t\t<div class=\"elementor-widget-container\">\n\t\t\t\t\t\t\t\t\t\t\t\t\t<img fetchpriority=\"high\" decoding=\"async\" width=\"877\" height=\"539\" src=\"https:\/\/rockrcoin.org\/wp-content\/uploads\/2021\/12\/rainbow-header-transformation.png\" class=\"attachment-large size-large wp-image-2012\" alt=\"\" srcset=\"https:\/\/rockrcoin.org\/wp-content\/uploads\/2021\/12\/rainbow-header-transformation.png 877w, https:\/\/rockrcoin.org\/wp-content\/uploads\/2021\/12\/rainbow-header-transformation-300x184.png 300w, https:\/\/rockrcoin.org\/wp-content\/uploads\/2021\/12\/rainbow-header-transformation-768x472.png 768w\" sizes=\"(max-width: 877px) 100vw, 877px\" \/>\t\t\t\t\t\t\t\t\t\t\t\t\t<\/div>\n\t\t\t\t<\/div>\n\t\t\t\t\t<\/div>\n\t\t<\/div>\n\t\t\t\t\t<\/div>\n\t\t<\/section>\n\t\t\t\t<section class=\"elementor-section elementor-top-section elementor-element elementor-element-7701125 elementor-section-boxed elementor-section-height-default elementor-section-height-default\" data-id=\"7701125\" data-element_type=\"section\">\n\t\t\t\t\t\t\t<div class=\"elementor-background-overlay\"><\/div>\n\t\t\t\t\t\t\t<div class=\"elementor-container elementor-column-gap-default\">\n\t\t\t\t\t<div class=\"elementor-column elementor-col-100 elementor-top-column elementor-element elementor-element-9ad04ba\" data-id=\"9ad04ba\" data-element_type=\"column\">\n\t\t\t<div class=\"elementor-widget-wrap elementor-element-populated\">\n\t\t\t\t\t\t<div class=\"elementor-element elementor-element-b78c0f0 elementor-align-center elementor-widget elementor-widget-button\" data-id=\"b78c0f0\" data-element_type=\"widget\" data-widget_type=\"button.default\">\n\t\t\t\t<div class=\"elementor-widget-container\">\n\t\t\t\t\t<div class=\"elementor-button-wrapper\">\n\t\t\t<a class=\"elementor-button elementor-button-link elementor-size-xs\" href=\"https:\/\/wa.me\/message\/CEJLJB5ZFW3ZF1\">\n\t\t\t\t\t\t<span class=\"elementor-button-content-wrapper\">\n\t\t\t\t\t\t\t\t\t<span class=\"elementor-button-text\">Tout le monde peut gagner des ROCKRCOIN. Appelez-nous pour en savoir plus. <\/span>\n\t\t\t\t\t<\/span>\n\t\t\t\t\t<\/a>\n\t\t<\/div>\n\t\t\t\t<\/div>\n\t\t\t\t<\/div>\n\t\t\t\t<div class=\"elementor-element elementor-element-13ae7bf elementor-widget elementor-widget-heading\" data-id=\"13ae7bf\" data-element_type=\"widget\" data-widget_type=\"heading.default\">\n\t\t\t\t<div class=\"elementor-widget-container\">\n\t\t\t<h2 class=\"elementor-heading-title elementor-size-default\"><a href=\"https:\/\/rockrcoin.org\/fr\/resume-du-livre-blanc\/\">Le Livre Blanc ROCKRCOIN<\/a><\/h2>\t\t<\/div>\n\t\t\t\t<\/div>\n\t\t\t\t<div class=\"elementor-element elementor-element-9c7221f elementor-widget-divider--view-line elementor-widget elementor-widget-divider\" data-id=\"9c7221f\" data-element_type=\"widget\" data-widget_type=\"divider.default\">\n\t\t\t\t<div class=\"elementor-widget-container\">\n\t\t\t\t\t<div class=\"elementor-divider\">\n\t\t\t<span class=\"elementor-divider-separator\">\n\t\t\t\t\t\t<\/span>\n\t\t<\/div>\n\t\t\t\t<\/div>\n\t\t\t\t<\/div>\n\t\t\t\t<section class=\"elementor-section elementor-inner-section elementor-element elementor-element-ef970f2 elementor-section-full_width elementor-section-height-default elementor-section-height-default\" data-id=\"ef970f2\" data-element_type=\"section\">\n\t\t\t\t\t\t<div class=\"elementor-container elementor-column-gap-default\">\n\t\t\t\t\t<div class=\"elementor-column elementor-col-33 elementor-inner-column elementor-element elementor-element-fd27b31\" data-id=\"fd27b31\" data-element_type=\"column\">\n\t\t\t<div class=\"elementor-widget-wrap elementor-element-populated\">\n\t\t\t\t\t\t<div class=\"elementor-element elementor-element-bff2ac9 elementor-widget elementor-widget-image\" data-id=\"bff2ac9\" data-element_type=\"widget\" data-widget_type=\"image.default\">\n\t\t\t\t<div class=\"elementor-widget-container\">\n\t\t\t\t\t\t\t\t\t\t\t\t\t<img decoding=\"async\" width=\"820\" height=\"1108\" src=\"https:\/\/rockrcoin.org\/wp-content\/uploads\/2022\/05\/ROCKRCOIN-image-1.jpg\" class=\"attachment-full size-full wp-image-2014\" alt=\"\" srcset=\"https:\/\/rockrcoin.org\/wp-content\/uploads\/2022\/05\/ROCKRCOIN-image-1.jpg 820w, https:\/\/rockrcoin.org\/wp-content\/uploads\/2022\/05\/ROCKRCOIN-image-1-222x300.jpg 222w, https:\/\/rockrcoin.org\/wp-content\/uploads\/2022\/05\/ROCKRCOIN-image-1-758x1024.jpg 758w, https:\/\/rockrcoin.org\/wp-content\/uploads\/2022\/05\/ROCKRCOIN-image-1-768x1038.jpg 768w\" sizes=\"(max-width: 820px) 100vw, 820px\" \/>\t\t\t\t\t\t\t\t\t\t\t\t\t<\/div>\n\t\t\t\t<\/div>\n\t\t\t\t<div class=\"elementor-element elementor-element-54a2f8d elementor-widget elementor-widget-image-box\" data-id=\"54a2f8d\" data-element_type=\"widget\" data-widget_type=\"image-box.default\">\n\t\t\t\t<div class=\"elementor-widget-container\">\n\t\t\t<div class=\"elementor-image-box-wrapper\"><div class=\"elementor-image-box-content\"><h3 class=\"elementor-image-box-title\">ROCKRCOIN<\/h3><p class=\"elementor-image-box-description\">Une crypto-monnaie arc-en-ciel. Juste. S\u00e9curitaire. D\u00e9mocratique. \u00c9cologique. Durable. Besoin \u00e9conomique r\u00e9el. Transformationnel.       <br><br>Le ROCKRCOIN est une monnaie stable car sa valeur est directement li\u00e9e aux activit\u00e9s de ROCKR dans le monde r\u00e9el et physique.  <\/p><\/div><\/div>\t\t<\/div>\n\t\t\t\t<\/div>\n\t\t\t\t\t<\/div>\n\t\t<\/div>\n\t\t\t\t<div class=\"elementor-column elementor-col-33 elementor-inner-column elementor-element elementor-element-e6971ee\" data-id=\"e6971ee\" data-element_type=\"column\">\n\t\t\t<div class=\"elementor-widget-wrap elementor-element-populated\">\n\t\t\t\t\t\t<div class=\"elementor-element elementor-element-1e4bc45 elementor-widget elementor-widget-image\" data-id=\"1e4bc45\" data-element_type=\"widget\" data-widget_type=\"image.default\">\n\t\t\t\t<div class=\"elementor-widget-container\">\n\t\t\t\t\t\t\t\t\t\t\t\t\t<img decoding=\"async\" width=\"705\" height=\"707\" src=\"https:\/\/rockrcoin.org\/wp-content\/uploads\/2024\/08\/Screenshot_20240805-094445-1.png\" class=\"attachment-full size-full wp-image-2017\" alt=\"\" srcset=\"https:\/\/rockrcoin.org\/wp-content\/uploads\/2024\/08\/Screenshot_20240805-094445-1.png 705w, https:\/\/rockrcoin.org\/wp-content\/uploads\/2024\/08\/Screenshot_20240805-094445-1-300x300.png 300w, https:\/\/rockrcoin.org\/wp-content\/uploads\/2024\/08\/Screenshot_20240805-094445-1-150x150.png 150w\" sizes=\"(max-width: 705px) 100vw, 705px\" \/>\t\t\t\t\t\t\t\t\t\t\t\t\t<\/div>\n\t\t\t\t<\/div>\n\t\t\t\t<div class=\"elementor-element elementor-element-f07647b elementor-widget elementor-widget-image-box\" data-id=\"f07647b\" data-element_type=\"widget\" data-widget_type=\"image-box.default\">\n\t\t\t\t<div class=\"elementor-widget-container\">\n\t\t\t<div class=\"elementor-image-box-wrapper\"><div class=\"elementor-image-box-content\"><h3 class=\"elementor-image-box-title\">La bourse ROCKR<\/h3><p class=\"elementor-image-box-description\">L'application ROCKR Exchange est une application open source avec des API pour int\u00e9grer un r\u00e9sum\u00e9 interactif dans n'importe quel r\u00e9seau social, qui permet de multiples ench\u00e8res invers\u00e9es ROCKR Live Experience et produit, g\u00e8re et diffuse tous les contrats intelligents pertinents, entre toutes les parties \u00e0 l'ench\u00e8re, de la curation \u00e0 l'ach\u00e8vement, pour l'authentification et l'acceptation dans la Blockchain ROCKR.<\/p><\/div><\/div>\t\t<\/div>\n\t\t\t\t<\/div>\n\t\t\t\t\t<\/div>\n\t\t<\/div>\n\t\t\t\t<div class=\"elementor-column elementor-col-33 elementor-inner-column elementor-element elementor-element-b809155\" data-id=\"b809155\" data-element_type=\"column\">\n\t\t\t<div class=\"elementor-widget-wrap elementor-element-populated\">\n\t\t\t\t\t\t<div class=\"elementor-element elementor-element-6b792a3 elementor-widget elementor-widget-image\" data-id=\"6b792a3\" data-element_type=\"widget\" data-widget_type=\"image.default\">\n\t\t\t\t<div class=\"elementor-widget-container\">\n\t\t\t\t\t\t\t\t\t\t\t\t\t<img loading=\"lazy\" decoding=\"async\" width=\"423\" height=\"575\" src=\"https:\/\/rockrcoin.org\/wp-content\/uploads\/2024\/08\/gamechanger2.png\" class=\"attachment-full size-full wp-image-2019\" alt=\"\" srcset=\"https:\/\/rockrcoin.org\/wp-content\/uploads\/2024\/08\/gamechanger2.png 423w, https:\/\/rockrcoin.org\/wp-content\/uploads\/2024\/08\/gamechanger2-221x300.png 221w\" sizes=\"(max-width: 423px) 100vw, 423px\" \/>\t\t\t\t\t\t\t\t\t\t\t\t\t<\/div>\n\t\t\t\t<\/div>\n\t\t\t\t<div class=\"elementor-element elementor-element-1d1e836 elementor-widget elementor-widget-image-box\" data-id=\"1d1e836\" data-element_type=\"widget\" data-widget_type=\"image-box.default\">\n\t\t\t\t<div class=\"elementor-widget-container\">\n\t\t\t<div class=\"elementor-image-box-wrapper\"><div class=\"elementor-image-box-content\"><h3 class=\"elementor-image-box-title\">Changer la donne<\/h3><p class=\"elementor-image-box-description\">ROCKR n'est pas seulement une s\u00e9rie de plus de 30 applications int\u00e9gr\u00e9es ni une autre crypto-monnaie, c'est un mouvement, qui change la donne, donnant aux jeunes - \u00e0 tous les jeunes - qui aspirent \u00e0 donner un vrai sens \u00e0 leur vie, une voix : leur voix et la capacit\u00e9 de la trouver, de la nourrir et de l'exprimer.<br>ROCKR est Populaire. \u00c9galitaire. Inclusif.  <\/p><\/div><\/div>\t\t<\/div>\n\t\t\t\t<\/div>\n\t\t\t\t\t<\/div>\n\t\t<\/div>\n\t\t\t\t\t<\/div>\n\t\t<\/section>\n\t\t\t\t\t<\/div>\n\t\t<\/div>\n\t\t\t\t\t<\/div>\n\t\t<\/section>\n\t\t\t\t<section class=\"elementor-section elementor-top-section elementor-element elementor-element-2d8ba58 elementor-section-boxed elementor-section-height-default elementor-section-height-default\" data-id=\"2d8ba58\" data-element_type=\"section\" data-settings=\"{&quot;background_background&quot;:&quot;classic&quot;}\">\n\t\t\t\t\t\t<div class=\"elementor-container elementor-column-gap-default\">\n\t\t\t\t\t<div class=\"elementor-column elementor-col-33 elementor-top-column elementor-element elementor-element-94a6090\" data-id=\"94a6090\" data-element_type=\"column\">\n\t\t\t<div class=\"elementor-widget-wrap\">\n\t\t\t\t\t\t\t<\/div>\n\t\t<\/div>\n\t\t\t\t<div class=\"elementor-column elementor-col-33 elementor-top-column elementor-element elementor-element-ba33ca0\" data-id=\"ba33ca0\" data-element_type=\"column\">\n\t\t\t<div class=\"elementor-widget-wrap elementor-element-populated\">\n\t\t\t\t\t\t<div class=\"elementor-element elementor-element-d278a40 elementor-widget elementor-widget-heading\" data-id=\"d278a40\" data-element_type=\"widget\" data-widget_type=\"heading.default\">\n\t\t\t\t<div class=\"elementor-widget-container\">\n\t\t\t<h4 class=\"elementor-heading-title elementor-size-default\">La mission transformationnelle de ROCKRCOIN et ROCKR est de r\u00e9g\u00e9n\u00e9rer les communaut\u00e9s locales et de rajeunir leurs lieux de vie gr\u00e2ce \u00e0 une r\u00e9volution en mati\u00e8re d'\u00e9ducation et de divertissement en direct.<\/h4>\t\t<\/div>\n\t\t\t\t<\/div>\n\t\t\t\t\t<\/div>\n\t\t<\/div>\n\t\t\t\t<div class=\"elementor-column elementor-col-33 elementor-top-column elementor-element elementor-element-9a0a136\" data-id=\"9a0a136\" data-element_type=\"column\">\n\t\t\t<div class=\"elementor-widget-wrap\">\n\t\t\t\t\t\t\t<\/div>\n\t\t<\/div>\n\t\t\t\t\t<\/div>\n\t\t<\/section>\n\t\t\t\t<section class=\"elementor-section elementor-top-section elementor-element elementor-element-ae8ce41 elementor-section-boxed elementor-section-height-default elementor-section-height-default\" data-id=\"ae8ce41\" data-element_type=\"section\">\n\t\t\t\t\t\t<div class=\"elementor-container elementor-column-gap-default\">\n\t\t\t\t\t<div class=\"elementor-column elementor-col-100 elementor-top-column elementor-element elementor-element-4352dd5\" data-id=\"4352dd5\" data-element_type=\"column\">\n\t\t\t<div class=\"elementor-widget-wrap elementor-element-populated\">\n\t\t\t\t\t\t<div class=\"elementor-element elementor-element-f1e5c43 elementor-widget elementor-widget-text-editor\" data-id=\"f1e5c43\" data-element_type=\"widget\" data-widget_type=\"text-editor.default\">\n\t\t\t\t<div class=\"elementor-widget-container\">\n\t\t\t\t\t\t\t<p>\u00c0 PROPOS DE NOUS<\/p>\n\t\t\t\t\t\t<\/div>\n\t\t\t\t<\/div>\n\t\t\t\t<div class=\"elementor-element elementor-element-f514188 elementor-widget elementor-widget-heading\" data-id=\"f514188\" data-element_type=\"widget\" data-widget_type=\"heading.default\">\n\t\t\t\t<div class=\"elementor-widget-container\">\n\t\t\t<h4 class=\"elementor-heading-title elementor-size-default\">ROCKR n'est pas une entreprise, une institution ou une soci\u00e9t\u00e9, c'est un mouvement, qui change la donne.<\/h4>\t\t<\/div>\n\t\t\t\t<\/div>\n\t\t\t\t<div class=\"elementor-element elementor-element-2281324 elementor-widget elementor-widget-text-editor\" data-id=\"2281324\" data-element_type=\"widget\" data-widget_type=\"text-editor.default\">\n\t\t\t\t<div class=\"elementor-widget-container\">\n\t\t\t\t\t\t\t<p>ROCKR ne sera jamais d\u00e9tenu ou contr\u00f4l\u00e9 par qui que ce soit, car il s&rsquo;agit d&rsquo;une blockchain cryptographique d\u00e9centralis\u00e9e \u00e0 contrat intelligent. Son authentification hybride PoA\/PoS est \u00e9cologique. Sa monnaie, le ROCKRCOIN, est stable parce qu&rsquo;elle est li\u00e9e \u00e0 la mission de ROCKR dans le monde r\u00e9el. Tout commence par une croyance, ROCKRCOIN inclus. Lisez le livre blanc. Examinez la liste et les descriptions des emplois de la feuille de route du d\u00e9veloppement de ROCKRCOIN. Devenez un ambassadeur ROCKRCOIN pour gagner des royalties ROCKRCOIN d\u00e8s maintenant et \u00e0 vie. Participez \u00e0 la comp\u00e9tition technologique ROCKRCOIN parce que ce sera le plus grand spectacle sur terre et que vous pourriez en \u00eatre la vedette. Il est temps de commencer \u00e0 croire en nous-m\u00eames. Qu&rsquo;est-ce qui VOUS fait vibrer ? Qu&rsquo;est-ce qui nous fait vibrer ? D\u00e9couvrez-le en utilisant ROCKRCOIN et ROCKR.           <\/p>\n\t\t\t\t\t\t<\/div>\n\t\t\t\t<\/div>\n\t\t\t\t<div class=\"elementor-element elementor-element-5e38931 elementor-align-center elementor-widget elementor-widget-button\" data-id=\"5e38931\" data-element_type=\"widget\" data-widget_type=\"button.default\">\n\t\t\t\t<div class=\"elementor-widget-container\">\n\t\t\t\t\t<div class=\"elementor-button-wrapper\">\n\t\t\t<a class=\"elementor-button elementor-button-link elementor-size-sm\" href=\"https:\/\/www.instagram.com\/rockrocracy\/\">\n\t\t\t\t\t\t<span class=\"elementor-button-content-wrapper\">\n\t\t\t\t\t\t\t\t\t<span class=\"elementor-button-text\">Restez dans la boucle @ROCKROCRACY<\/span>\n\t\t\t\t\t<\/span>\n\t\t\t\t\t<\/a>\n\t\t<\/div>\n\t\t\t\t<\/div>\n\t\t\t\t<\/div>\n\t\t\t\t\t<\/div>\n\t\t<\/div>\n\t\t\t\t\t<\/div>\n\t\t<\/section>\n\t\t\t\t<\/div>\n\t\t","protected":false},"excerpt":{"rendered":"<p>ROCKRCOIN Le Crypto arc-en-ciel Tout le monde peut gagner des ROCKRCOIN. Appelez-nous pour en savoir plus. Le Livre Blanc ROCKRCOIN ROCKRCOIN Une crypto-monnaie arc-en-ciel. Juste. S\u00e9curitaire. D\u00e9mocratique. \u00c9cologique. Durable. Besoin \u00e9conomique r\u00e9el. Transformationnel. Le ROCKRCOIN est une monnaie stable car sa valeur est directement li\u00e9e aux activit\u00e9s de ROCKR dans le monde r\u00e9el et physique. [&hellip;]<\/p>\n","protected":false},"author":1,"featured_media":2007,"parent":0,"menu_order":0,"comment_status":"closed","ping_status":"closed","template":"","meta":{"site-sidebar-layout":"no-sidebar","site-content-layout":"page-builder","ast-site-content-layout":"","site-content-style":"default","site-sidebar-style":"default","ast-global-header-display":"","ast-banner-title-visibility":"","ast-main-header-display":"","ast-hfb-above-header-display":"","ast-hfb-below-header-display":"","ast-hfb-mobile-header-display":"","site-post-title":"disabled","ast-breadcrumbs-content":"","ast-featured-img":"disabled","footer-sml-layout":"","theme-transparent-header-meta":"enabled","adv-header-id-meta":"","stick-header-meta":"","header-above-stick-meta":"","header-main-stick-meta":"","header-below-stick-meta":"","astra-migrate-meta-layouts":"default","ast-page-background-enabled":"default","ast-page-background-meta":{"desktop":{"background-color":"var(--ast-global-color-4)","background-image":"","background-repeat":"repeat","background-position":"center center","background-size":"auto","background-attachment":"scroll","background-type":"","background-media":"","overlay-type":"","overlay-color":"","overlay-opacity":"","overlay-gradient":""},"tablet":{"background-color":"","background-image":"","background-repeat":"repeat","background-position":"center center","background-size":"auto","background-attachment":"scroll","background-type":"","background-media":"","overlay-type":"","overlay-color":"","overlay-opacity":"","overlay-gradient":""},"mobile":{"background-color":"","background-image":"","background-repeat":"repeat","background-position":"center center","background-size":"auto","background-attachment":"scroll","background-type":"","background-media":"","overlay-type":"","overlay-color":"","overlay-opacity":"","overlay-gradient":""}},"ast-content-background-meta":{"desktop":{"background-color":"var(--ast-global-color-5)","background-image":"","background-repeat":"repeat","background-position":"center center","background-size":"auto","background-attachment":"scroll","background-type":"","background-media":"","overlay-type":"","overlay-color":"","overlay-opacity":"","overlay-gradient":""},"tablet":{"background-color":"var(--ast-global-color-5)","background-image":"","background-repeat":"repeat","background-position":"center center","background-size":"auto","background-attachment":"scroll","background-type":"","background-media":"","overlay-type":"","overlay-color":"","overlay-opacity":"","overlay-gradient":""},"mobile":{"background-color":"var(--ast-global-color-5)","background-image":"","background-repeat":"repeat","background-position":"center center","background-size":"auto","background-attachment":"scroll","background-type":"","background-media":"","overlay-type":"","overlay-color":"","overlay-opacity":"","overlay-gradient":""}},"footnotes":""},"class_list":["post-2045","page","type-page","status-publish","has-post-thumbnail","hentry"],"_links":{"self":[{"href":"https:\/\/rockrcoin.org\/fr\/wp-json\/wp\/v2\/pages\/2045"}],"collection":[{"href":"https:\/\/rockrcoin.org\/fr\/wp-json\/wp\/v2\/pages"}],"about":[{"href":"https:\/\/rockrcoin.org\/fr\/wp-json\/wp\/v2\/types\/page"}],"author":[{"embeddable":true,"href":"https:\/\/rockrcoin.org\/fr\/wp-json\/wp\/v2\/users\/1"}],"replies":[{"embeddable":true,"href":"https:\/\/rockrcoin.org\/fr\/wp-json\/wp\/v2\/comments?post=2045"}],"version-history":[{"count":7,"href":"https:\/\/rockrcoin.org\/fr\/wp-json\/wp\/v2\/pages\/2045\/revisions"}],"predecessor-version":[{"id":2298,"href":"https:\/\/rockrcoin.org\/fr\/wp-json\/wp\/v2\/pages\/2045\/revisions\/2298"}],"wp:featuredmedia":[{"embeddable":true,"href":"https:\/\/rockrcoin.org\/fr\/wp-json\/wp\/v2\/media\/2007"}],"wp:attachment":[{"href":"https:\/\/rockrcoin.org\/fr\/wp-json\/wp\/v2\/media?parent=2045"}],"curies":[{"name":"wp","href":"https:\/\/api.w.org\/{rel}","templated":true}]}}