{"id":2038,"date":"2021-11-21T15:14:19","date_gmt":"2021-11-21T15:14:19","guid":{"rendered":"https:\/\/rockrcoin.org\/pourquoi-rockrcoin\/"},"modified":"2024-10-12T10:32:47","modified_gmt":"2024-10-12T10:32:47","slug":"pourquoi-rockrcoin","status":"publish","type":"page","link":"https:\/\/rockrcoin.org\/fr\/pourquoi-rockrcoin\/","title":{"rendered":"Pourquoi ROCKRCOIN ?"},"content":{"rendered":"\t\t<div data-elementor-type=\"wp-page\" data-elementor-id=\"2038\" class=\"elementor elementor-2038 elementor-929\" data-elementor-post-type=\"page\">\n\t\t\t\t\t\t<section class=\"elementor-section elementor-top-section elementor-element elementor-element-c8ddeb6 elementor-section-height-min-height elementor-section-boxed elementor-section-height-default elementor-section-items-middle\" data-id=\"c8ddeb6\" data-element_type=\"section\" data-settings=\"{&quot;background_background&quot;:&quot;classic&quot;}\">\n\t\t\t\t\t\t\t<div class=\"elementor-background-overlay\"><\/div>\n\t\t\t\t\t\t\t<div class=\"elementor-container elementor-column-gap-default\">\n\t\t\t\t\t<div class=\"elementor-column elementor-col-100 elementor-top-column elementor-element elementor-element-6a5337e\" data-id=\"6a5337e\" data-element_type=\"column\">\n\t\t\t<div class=\"elementor-widget-wrap elementor-element-populated\">\n\t\t\t\t\t\t<div class=\"elementor-element elementor-element-feefb6c elementor-widget elementor-widget-heading\" data-id=\"feefb6c\" data-element_type=\"widget\" data-widget_type=\"heading.default\">\n\t\t\t\t<div class=\"elementor-widget-container\">\n\t\t\t<h1 class=\"elementor-heading-title elementor-size-default\">Pourquoi ROCKRCOIN ?<\/h1>\t\t<\/div>\n\t\t\t\t<\/div>\n\t\t\t\t\t<\/div>\n\t\t<\/div>\n\t\t\t\t\t<\/div>\n\t\t<\/section>\n\t\t\t\t<section class=\"elementor-section elementor-top-section elementor-element elementor-element-034f786 elementor-section-boxed elementor-section-height-default elementor-section-height-default\" data-id=\"034f786\" data-element_type=\"section\">\n\t\t\t\t\t\t<div class=\"elementor-container elementor-column-gap-default\">\n\t\t\t\t\t<div class=\"elementor-column elementor-col-100 elementor-top-column elementor-element elementor-element-ba0c118\" data-id=\"ba0c118\" data-element_type=\"column\">\n\t\t\t<div class=\"elementor-widget-wrap elementor-element-populated\">\n\t\t\t\t\t\t<div class=\"elementor-element elementor-element-3dc998b elementor-widget elementor-widget-heading\" data-id=\"3dc998b\" data-element_type=\"widget\" data-widget_type=\"heading.default\">\n\t\t\t\t<div class=\"elementor-widget-container\">\n\t\t\t<h4 class=\"elementor-heading-title elementor-size-default\">Tout commence par la croyance, et avec la croyance, <br>la fin peut \u00eatre tout ce en quoi nous croyons.<br>Si c'est vrai pour tout, <br> c'est vrai pour ROCKR.<\/h4>\t\t<\/div>\n\t\t\t\t<\/div>\n\t\t\t\t<div class=\"elementor-element elementor-element-9fdb291 elementor-widget elementor-widget-image\" data-id=\"9fdb291\" data-element_type=\"widget\" data-widget_type=\"image.default\">\n\t\t\t\t<div class=\"elementor-widget-container\">\n\t\t\t\t\t\t\t\t\t\t\t\t\t<img fetchpriority=\"high\" decoding=\"async\" width=\"1170\" height=\"600\" src=\"https:\/\/rockrcoin.org\/wp-content\/uploads\/2021\/12\/contact-hero.jpg\" class=\"attachment-full size-full wp-image-2001\" alt=\"\" srcset=\"https:\/\/rockrcoin.org\/wp-content\/uploads\/2021\/12\/contact-hero.jpg 1170w, https:\/\/rockrcoin.org\/wp-content\/uploads\/2021\/12\/contact-hero-300x154.jpg 300w, https:\/\/rockrcoin.org\/wp-content\/uploads\/2021\/12\/contact-hero-1024x525.jpg 1024w, https:\/\/rockrcoin.org\/wp-content\/uploads\/2021\/12\/contact-hero-768x394.jpg 768w\" sizes=\"(max-width: 1170px) 100vw, 1170px\" \/>\t\t\t\t\t\t\t\t\t\t\t\t\t<\/div>\n\t\t\t\t<\/div>\n\t\t\t\t<section class=\"elementor-section elementor-inner-section elementor-element elementor-element-d762106 elementor-section-boxed elementor-section-height-default elementor-section-height-default\" data-id=\"d762106\" data-element_type=\"section\">\n\t\t\t\t\t\t<div class=\"elementor-container elementor-column-gap-default\">\n\t\t\t\t\t<div class=\"elementor-column elementor-col-50 elementor-inner-column elementor-element elementor-element-08ec54c\" data-id=\"08ec54c\" data-element_type=\"column\">\n\t\t\t<div class=\"elementor-widget-wrap elementor-element-populated\">\n\t\t\t\t\t\t<div class=\"elementor-element elementor-element-d35be41 elementor-widget elementor-widget-heading\" data-id=\"d35be41\" data-element_type=\"widget\" data-widget_type=\"heading.default\">\n\t\t\t\t<div class=\"elementor-widget-container\">\n\t\t\t<h3 class=\"elementor-heading-title elementor-size-default\">Croyance en ROCKRCOIN<\/h3>\t\t<\/div>\n\t\t\t\t<\/div>\n\t\t\t\t<div class=\"elementor-element elementor-element-8fa3d11 elementor-widget elementor-widget-text-editor\" data-id=\"8fa3d11\" data-element_type=\"widget\" data-widget_type=\"text-editor.default\">\n\t\t\t\t<div class=\"elementor-widget-container\">\n\t\t\t\t\t\t\t<p><span style=\"font-weight: 400;\">Croyance pour commencer.  <\/span><\/p>\n<p><span style=\"font-weight: 400;\">La conviction de la d\u00e9velopper.  <\/span><\/p>\n<p><span style=\"font-weight: 400;\">Conviction de la d\u00e9mocratiser.<\/span><\/p>\n<p>La conviction de l&rsquo;utiliser.<\/p>\n<p><span style=\"font-weight: 400;\">La croyance pour la soutenir.  <\/span><\/p>\n<p><span style=\"font-weight: 400;\">Croyance pour la r\u00e9guler.<\/span><\/p>\n\t\t\t\t\t\t<\/div>\n\t\t\t\t<\/div>\n\t\t\t\t\t<\/div>\n\t\t<\/div>\n\t\t\t\t<div class=\"elementor-column elementor-col-50 elementor-inner-column elementor-element elementor-element-d30d7a1\" data-id=\"d30d7a1\" data-element_type=\"column\">\n\t\t\t<div class=\"elementor-widget-wrap elementor-element-populated\">\n\t\t\t\t\t\t<div class=\"elementor-element elementor-element-6260bc9 elementor-widget elementor-widget-heading\" data-id=\"6260bc9\" data-element_type=\"widget\" data-widget_type=\"heading.default\">\n\t\t\t\t<div class=\"elementor-widget-container\">\n\t\t\t<h3 class=\"elementor-heading-title elementor-size-default\">Blockchain contre capital  <\/h3>\t\t<\/div>\n\t\t\t\t<\/div>\n\t\t\t\t<div class=\"elementor-element elementor-element-3a99000 elementor-widget elementor-widget-text-editor\" data-id=\"3a99000\" data-element_type=\"widget\" data-widget_type=\"text-editor.default\">\n\t\t\t\t<div class=\"elementor-widget-container\">\n\t\t\t\t\t\t\t<p><span style=\"font-weight: 400;\">Aujourd&rsquo;hui, nous avons une nouvelle fa\u00e7on de manifester la croyance qui fait avancer les choses. Au lieu de demander de l&rsquo;argent \u00e0 quelqu&rsquo;un, les nouvelles id\u00e9es peuvent cr\u00e9er et utiliser leurs propres monnaies, dans un \u00e9cosyst\u00e8me autonome et mutuellement b\u00e9n\u00e9fique. Chacune se d\u00e9veloppe en tandem avec l&rsquo;autre, au fur et \u00e0 mesure que la croyance et la confiance en l&rsquo;une et l&rsquo;autre augmentent.    <\/span><\/p>\n\t\t\t\t\t\t<\/div>\n\t\t\t\t<\/div>\n\t\t\t\t\t<\/div>\n\t\t<\/div>\n\t\t\t\t\t<\/div>\n\t\t<\/section>\n\t\t\t\t\t<\/div>\n\t\t<\/div>\n\t\t\t\t\t<\/div>\n\t\t<\/section>\n\t\t\t\t<section class=\"elementor-section elementor-top-section elementor-element elementor-element-e889fc3 elementor-section-boxed elementor-section-height-default elementor-section-height-default\" data-id=\"e889fc3\" data-element_type=\"section\" data-settings=\"{&quot;background_background&quot;:&quot;classic&quot;}\">\n\t\t\t\t\t\t<div class=\"elementor-container elementor-column-gap-default\">\n\t\t\t\t\t<div class=\"elementor-column elementor-col-33 elementor-top-column elementor-element elementor-element-3c8f4a8\" data-id=\"3c8f4a8\" data-element_type=\"column\">\n\t\t\t<div class=\"elementor-widget-wrap\">\n\t\t\t\t\t\t\t<\/div>\n\t\t<\/div>\n\t\t\t\t<div class=\"elementor-column elementor-col-33 elementor-top-column elementor-element elementor-element-ebb2ba7\" data-id=\"ebb2ba7\" data-element_type=\"column\">\n\t\t\t<div class=\"elementor-widget-wrap elementor-element-populated\">\n\t\t\t\t\t\t<div class=\"elementor-element elementor-element-14b6458 elementor-widget elementor-widget-image\" data-id=\"14b6458\" data-element_type=\"widget\" data-widget_type=\"image.default\">\n\t\t\t\t<div class=\"elementor-widget-container\">\n\t\t\t\t\t\t\t\t\t\t\t\t\t<img decoding=\"async\" width=\"550\" height=\"550\" src=\"https:\/\/rockrcoin.org\/wp-content\/uploads\/2024\/08\/ROCKr-R.png\" class=\"attachment-full size-full wp-image-2022\" alt=\"\" srcset=\"https:\/\/rockrcoin.org\/wp-content\/uploads\/2024\/08\/ROCKr-R.png 550w, https:\/\/rockrcoin.org\/wp-content\/uploads\/2024\/08\/ROCKr-R-300x300.png 300w, https:\/\/rockrcoin.org\/wp-content\/uploads\/2024\/08\/ROCKr-R-150x150.png 150w\" sizes=\"(max-width: 550px) 100vw, 550px\" \/>\t\t\t\t\t\t\t\t\t\t\t\t\t<\/div>\n\t\t\t\t<\/div>\n\t\t\t\t<div class=\"elementor-element elementor-element-beb0353 elementor-widget elementor-widget-heading\" data-id=\"beb0353\" data-element_type=\"widget\" data-widget_type=\"heading.default\">\n\t\t\t\t<div class=\"elementor-widget-container\">\n\t\t\t<h4 class=\"elementor-heading-title elementor-size-default\">\"La conviction commence avec le Livre blanc de ROCKRCOIN qui d\u00e9finit la vision, la mission et la strat\u00e9gie pour d\u00e9velopper, lancer et soutenir la blockchain intelligente de ROCKRCOIN et les applications associ\u00e9es de ROCKR. \"<\/h4>\t\t<\/div>\n\t\t\t\t<\/div>\n\t\t\t\t<div class=\"elementor-element elementor-element-4e74ae5 elementor-widget elementor-widget-image\" data-id=\"4e74ae5\" data-element_type=\"widget\" data-widget_type=\"image.default\">\n\t\t\t\t<div class=\"elementor-widget-container\">\n\t\t\t\t\t\t\t\t\t\t\t\t\t<img decoding=\"async\" width=\"125\" height=\"121\" src=\"https:\/\/rockrcoin.org\/wp-content\/uploads\/2021\/12\/RKS-coin.png\" class=\"attachment-full size-full wp-image-2006\" alt=\"\" srcset=\"https:\/\/rockrcoin.org\/wp-content\/uploads\/2021\/12\/RKS-coin.png 125w, https:\/\/rockrcoin.org\/wp-content\/uploads\/2021\/12\/RKS-coin-60x58.png 60w\" sizes=\"(max-width: 125px) 100vw, 125px\" \/>\t\t\t\t\t\t\t\t\t\t\t\t\t<\/div>\n\t\t\t\t<\/div>\n\t\t\t\t\t<\/div>\n\t\t<\/div>\n\t\t\t\t<div class=\"elementor-column elementor-col-33 elementor-top-column elementor-element elementor-element-9e16007\" data-id=\"9e16007\" data-element_type=\"column\">\n\t\t\t<div class=\"elementor-widget-wrap\">\n\t\t\t\t\t\t\t<\/div>\n\t\t<\/div>\n\t\t\t\t\t<\/div>\n\t\t<\/section>\n\t\t\t\t<section class=\"elementor-section elementor-top-section elementor-element elementor-element-5ac2594 elementor-section-boxed elementor-section-height-default elementor-section-height-default\" data-id=\"5ac2594\" data-element_type=\"section\">\n\t\t\t\t\t\t<div class=\"elementor-container elementor-column-gap-default\">\n\t\t\t\t\t<div class=\"elementor-column elementor-col-100 elementor-top-column elementor-element elementor-element-f7e5186\" data-id=\"f7e5186\" data-element_type=\"column\">\n\t\t\t<div class=\"elementor-widget-wrap elementor-element-populated\">\n\t\t\t\t\t\t<div class=\"elementor-element elementor-element-9228ab3 elementor-widget elementor-widget-text-editor\" data-id=\"9228ab3\" data-element_type=\"widget\" data-widget_type=\"text-editor.default\">\n\t\t\t\t<div class=\"elementor-widget-container\">\n\t\t\t\t\t\t\t<div dir=\"auto\">Croyons-nous en nous-m\u00eames ?<br>&nbsp;En trouvant, en partageant et en appr\u00e9ciant&nbsp;<\/div>\n<div dir=\"auto\">Le meilleur de chacun d&rsquo;entre nous.<br><br><\/div>\n<p>Unique, \u00e0 notre mani\u00e8re.<br><\/p>\n<div dir=\"auto\"><span style=\"background-color: var(--ast-global-color-5); color: var(--ast-global-color-3);\">Un seul, mais qui fait partie d&rsquo;un tout.<\/span>&nbsp;<br><br><\/div>\n<div dir=\"auto\"><span style=\"background-color: var(--ast-global-color-5); color: var(--ast-global-color-3);\">\u00ab\u00a0<\/span>Je pense, donc je suis\u00a0\u00bb.&nbsp;&nbsp;<\/div>\n<div dir=\"auto\">\u00ab\u00a0Nous ressentons, donc nous sommes&nbsp;<\/div>\n<div dir=\"auto\">&nbsp;<\/div>\n<div dir=\"auto\">Qu&rsquo;est-ce qui fait de VOUS un ROCK ?<\/div>\n<div dir=\"auto\">Qu&rsquo;est-ce qui fait de US ROCK ?&nbsp;<\/div>\n<div dir=\"auto\">&nbsp;<\/div>\n<div dir=\"auto\">ROCKRCOIN, le crypto arc-en-ciel,<br>&nbsp;Il s&rsquo;agit de trouver l&rsquo;or qui est en chacun de nous<span style=\"font-size: 16px;\">.<\/span><\/div>\n<p><br><\/p>\n<p>R\u00e9el, physique, tangible, ensemble, vivant.&nbsp;<\/p>\n<p><br><\/p>\n<p>L&rsquo;or<\/p>\t\t\t\t\t\t<\/div>\n\t\t\t\t<\/div>\n\t\t\t\t<div class=\"elementor-element elementor-element-68baa6e elementor-widget elementor-widget-image\" data-id=\"68baa6e\" data-element_type=\"widget\" data-widget_type=\"image.default\">\n\t\t\t\t<div class=\"elementor-widget-container\">\n\t\t\t\t\t\t\t\t\t\t\t\t\t<img loading=\"lazy\" decoding=\"async\" width=\"1128\" height=\"191\" src=\"https:\/\/rockrcoin.org\/wp-content\/uploads\/2024\/10\/Linkedin-page-header.png\" class=\"attachment-1536x1536 size-1536x1536 wp-image-2032\" alt=\"\" srcset=\"https:\/\/rockrcoin.org\/wp-content\/uploads\/2024\/10\/Linkedin-page-header.png 1128w, https:\/\/rockrcoin.org\/wp-content\/uploads\/2024\/10\/Linkedin-page-header-300x51.png 300w, https:\/\/rockrcoin.org\/wp-content\/uploads\/2024\/10\/Linkedin-page-header-1024x173.png 1024w, https:\/\/rockrcoin.org\/wp-content\/uploads\/2024\/10\/Linkedin-page-header-768x130.png 768w\" sizes=\"(max-width: 1128px) 100vw, 1128px\" \/>\t\t\t\t\t\t\t\t\t\t\t\t\t<\/div>\n\t\t\t\t<\/div>\n\t\t\t\t\t<\/div>\n\t\t<\/div>\n\t\t\t\t\t<\/div>\n\t\t<\/section>\n\t\t\t\t<\/div>\n\t\t","protected":false},"excerpt":{"rendered":"<p>Pourquoi ROCKRCOIN ? Tout commence par la croyance, et avec la croyance, la fin peut \u00eatre tout ce en quoi nous croyons.Si c&rsquo;est vrai pour tout, c&rsquo;est vrai pour ROCKR. Croyance en ROCKRCOIN Croyance pour commencer. La conviction de la d\u00e9velopper. Conviction de la d\u00e9mocratiser. La conviction de l&rsquo;utiliser. La croyance pour la soutenir. Croyance [&hellip;]<\/p>\n","protected":false},"author":1,"featured_media":0,"parent":0,"menu_order":0,"comment_status":"closed","ping_status":"closed","template":"","meta":{"site-sidebar-layout":"no-sidebar","site-content-layout":"page-builder","ast-site-content-layout":"","site-content-style":"default","site-sidebar-style":"default","ast-global-header-display":"","ast-banner-title-visibility":"","ast-main-header-display":"","ast-hfb-above-header-display":"","ast-hfb-below-header-display":"","ast-hfb-mobile-header-display":"","site-post-title":"disabled","ast-breadcrumbs-content":"","ast-featured-img":"disabled","footer-sml-layout":"","theme-transparent-header-meta":"enabled","adv-header-id-meta":"","stick-header-meta":"","header-above-stick-meta":"","header-main-stick-meta":"","header-below-stick-meta":"","astra-migrate-meta-layouts":"default","ast-page-background-enabled":"default","ast-page-background-meta":{"desktop":{"background-color":"var(--ast-global-color-4)","background-image":"","background-repeat":"repeat","background-position":"center center","background-size":"auto","background-attachment":"scroll","background-type":"","background-media":"","overlay-type":"","overlay-color":"","overlay-opacity":"","overlay-gradient":""},"tablet":{"background-color":"","background-image":"","background-repeat":"repeat","background-position":"center center","background-size":"auto","background-attachment":"scroll","background-type":"","background-media":"","overlay-type":"","overlay-color":"","overlay-opacity":"","overlay-gradient":""},"mobile":{"background-color":"","background-image":"","background-repeat":"repeat","background-position":"center center","background-size":"auto","background-attachment":"scroll","background-type":"","background-media":"","overlay-type":"","overlay-color":"","overlay-opacity":"","overlay-gradient":""}},"ast-content-background-meta":{"desktop":{"background-color":"var(--ast-global-color-5)","background-image":"","background-repeat":"repeat","background-position":"center center","background-size":"auto","background-attachment":"scroll","background-type":"","background-media":"","overlay-type":"","overlay-color":"","overlay-opacity":"","overlay-gradient":""},"tablet":{"background-color":"var(--ast-global-color-5)","background-image":"","background-repeat":"repeat","background-position":"center center","background-size":"auto","background-attachment":"scroll","background-type":"","background-media":"","overlay-type":"","overlay-color":"","overlay-opacity":"","overlay-gradient":""},"mobile":{"background-color":"var(--ast-global-color-5)","background-image":"","background-repeat":"repeat","background-position":"center center","background-size":"auto","background-attachment":"scroll","background-type":"","background-media":"","overlay-type":"","overlay-color":"","overlay-opacity":"","overlay-gradient":""}},"footnotes":""},"class_list":["post-2038","page","type-page","status-publish","hentry"],"_links":{"self":[{"href":"https:\/\/rockrcoin.org\/fr\/wp-json\/wp\/v2\/pages\/2038"}],"collection":[{"href":"https:\/\/rockrcoin.org\/fr\/wp-json\/wp\/v2\/pages"}],"about":[{"href":"https:\/\/rockrcoin.org\/fr\/wp-json\/wp\/v2\/types\/page"}],"author":[{"embeddable":true,"href":"https:\/\/rockrcoin.org\/fr\/wp-json\/wp\/v2\/users\/1"}],"replies":[{"embeddable":true,"href":"https:\/\/rockrcoin.org\/fr\/wp-json\/wp\/v2\/comments?post=2038"}],"version-history":[{"count":1,"href":"https:\/\/rockrcoin.org\/fr\/wp-json\/wp\/v2\/pages\/2038\/revisions"}],"predecessor-version":[{"id":2042,"href":"https:\/\/rockrcoin.org\/fr\/wp-json\/wp\/v2\/pages\/2038\/revisions\/2042"}],"wp:attachment":[{"href":"https:\/\/rockrcoin.org\/fr\/wp-json\/wp\/v2\/media?parent=2038"}],"curies":[{"name":"wp","href":"https:\/\/api.w.org\/{rel}","templated":true}]}}